{"id":2090,"date":"2019-09-02T18:55:55","date_gmt":"2019-09-02T18:55:55","guid":{"rendered":"http:\/\/fjolis.is\/b\/?page_id=2090"},"modified":"2022-05-07T14:26:53","modified_gmt":"2022-05-07T14:26:53","slug":"hofundarettur","status":"publish","type":"page","link":"https:\/\/fjolis.is\/b\/hofundarettur\/","title":{"rendered":"H\u00f6fundar\u00e9ttur"},"content":{"rendered":"<div class=\"wpb-content-wrapper\"><p>[vc_row css=&#8221;.vc_custom_1567514527435{background-color: rgba(0,0,0,0.01) !important;*background-color: rgb(0,0,0) !important;}&#8221;][vc_column width=&#8221;4\/5&#8243; css=&#8221;.vc_custom_1567514247554{background-color: rgba(255,255,255,0.54) !important;*background-color: rgb(255,255,255) !important;}&#8221;][vc_column_text]<\/p>\n<h4><span style=\"color: #000080;\">Eignar\u00e9ttur h\u00f6fundar<\/span><\/h4>\n<p>Samkv\u00e6mt 1. mgr. 1. gr. h\u00f6fundalaga nr. 73\/1972 \u00e1 h\u00f6fundur a\u00f0 b\u00f3kmenntaverki e\u00f0a listaverki eignarr\u00e9tt a\u00f0 \u00fev\u00ed. Eignar\u00e9tturinn er \u00fe\u00f3 takmarka\u00f0ur \u00fear sem hann helst \u00ed 70 \u00e1r eftir andl\u00e1t h\u00f6fundar. Eftir \u00fea\u00f0 fer hann \u00ed nokkurs konar almannaeigu (e. public domain). H\u00f6fundar\u00e9ttur erfist skv. \u00e1kv\u00e6\u00f0um erf\u00f0alaga og fara erfingjar h\u00f6fundar me\u00f0 \u00feann r\u00e9tt og geta noti\u00f0 \u00fdmissa r\u00e9ttinda sem honum fylgja \u00ed 70 \u00e1r eftir andl\u00e1t h\u00f6fundar.<\/p>\n<h4><span style=\"color: #000080;\">Hva\u00f0a efni er vari\u00f0 h\u00f6fundar\u00e9tti?<\/span><\/h4>\n<p>Allt sami\u00f0 m\u00e1l \u00ed r\u00e6\u00f0u og riti, leiksvi\u00f0sverk, t\u00f3nsm\u00ed\u00f0ar, myndlist, byggingarlist, kvikmyndir, lj\u00f3smyndalist, nytjalist og a\u00f0rar samsvarandi listgreinar og skiptir \u00fe\u00e1 engu \u00e1 hvern h\u00e1tt og \u00ed hva\u00f0a formi verki\u00f0 birtist. H\u00f6fundar\u00e9ttur er ekki skr\u00e1\u00f0ur s\u00e9rstaklega h\u00e9rlendis en ver\u00f0ur til um lei\u00f0 og verk er komi\u00f0 \u00ed skynjunarh\u00e6ft form.<\/p>\n<h4><span style=\"color: #000080;\">Einkar\u00e9ttur h\u00f6fundar til eintakager\u00f0ar, afritunar, eftirger\u00f0ar, a\u00f0l\u00f6gunar og \u00fe\u00fd\u00f0ingar<\/span><\/h4>\n<p>H\u00f6fundur hefur einkar\u00e9tt til a\u00f0 gera eint\u00f6k af verki s\u00ednu, sbr. 3. gr. h\u00f6fundalaga. \u00der\u00f6ng undantekning er \u00e1 \u00feessum einkar\u00e9tti \u00ed 1. mgr. 11. gr. \u00fear sem segir a\u00f0 heimilt s\u00e9 a\u00f0 gera eintak\/afrita verk en s\u00fa heimild n\u00e6r eing\u00f6ngu til einkanota sem ekki er \u00ed fj\u00e1rhagslegum tilgangi. Heimildin n\u00e6r \u00fev\u00ed ekki til neins konar eintakager\u00f0ar e\u00f0a afritunar h\u00f6fundar\u00e9ttarvarins efnis sem nota \u00e1 \u00ed atvinnuskyni. Hins vegar er unnt a\u00f0 gera heildarleyfissamning vi\u00f0 vi\u00f0urkennd samt\u00f6k h\u00f6fundar\u00e9ttarf\u00e9laga eins og Fj\u00f6l\u00eds, \u00ed \u00feeim tilvikum \u00feegar afrita\u00f0 er h\u00f6fundar\u00e9ttarvari\u00f0 efni til notkunar \u00ed sk\u00f3lum, \u00e1 vinnust\u00f6\u00f0um o.\u00fe.h.<span class=\"Apple-converted-space\">\u00a0 <\/span>Eintakager\u00f0 me\u00f0 n\u00fdrri t\u00e6kni fellur einnig undir einkar\u00e9tt h\u00f6fundar, sem hefur skv. \u00fev\u00ed einn heimild til a\u00f0 gera eint\u00f6k af verki s\u00ednu me\u00f0 n\u00fdrri t\u00e6kni, s.s. a\u00f0 gefa verk \u00fat rafr\u00e6nt sem \u00e1\u00f0ur hefur veri\u00f0 gefi\u00f0 \u00fat \u00ed b\u00f3k.<\/p>\n<p>Me\u00f0 eintakager\u00f0 er \u00e1tt vi\u00f0 hvers konar beina e\u00f0a \u00f3beina, t\u00edmabundna e\u00f0a varanlega ger\u00f0 eintaks af verki, \u00ed heild e\u00f0a a\u00f0 hluta, me\u00f0 hva\u00f0a a\u00f0fer\u00f0um og \u00ed hva\u00f0a formi sem er. \u00deannig er \u00f3heimilt a\u00f0 taka verk annars manns og gera nokkur konar eintak, afritun, eftirger\u00f0, a\u00f0l\u00f6gun e\u00f0a \u00fe\u00fd\u00f0ingu af \u00fev\u00ed, nema me\u00f0 heimild h\u00f6fundar. \u00cd h\u00f6fundal\u00f6gum er \u00fe\u00f3 gert r\u00e1\u00f0 fyrir \u00fer\u00f6ngum undantekningum \u00e1 \u00feessu, s.s. ef sami\u00f0 er um eintakager\u00f0 e\u00f0a afritun verks skv. leyfissamningum vi\u00f0 vi\u00f0urkennd samt\u00f6k eins og Fj\u00f6l\u00eds.<\/p>\n<p>S\u00e6mdarr\u00e9ttur h\u00f6fundar, sem geti\u00f0 er \u00ed 2. mgr. 4. gr. h\u00f6fundalaga er vernd fyrir \u00fev\u00ed a\u00f0 verki h\u00f6fundar s\u00e9 breytt e\u00f0a \u00fea\u00f0 birt me\u00f0 \u00feeim h\u00e6tti e\u00f0a \u00ed \u00fev\u00ed samhengi a\u00f0 skert geti h\u00f6fundarhei\u00f0ur hans e\u00f0a h\u00f6fundars\u00e9rkenni.<\/p>\n<p>\u00de\u00fd\u00f0ingar og a\u00f0rar a\u00f0laganir eru einnig h\u00e1\u00f0ar heimild h\u00f6fundar. \u00d3heimilt er, nema me\u00f0 sam\u00feykki h\u00f6fundar, a\u00f0 \u00fe\u00fd\u00f0a erlent efni og gefa \u00fat e\u00f0a birta h\u00e9rlendis. S\u00e1 sem \u00fe\u00fd\u00f0ir e\u00f0a a\u00f0lagar verk \u00e1 h\u00f6fundar\u00e9tt a\u00f0 hinni breyttu mynd \u00feess en s\u00e1 r\u00e9ttur raskar \u00fe\u00f3 ekki h\u00f6fundar\u00e9tti a\u00f0 frumverkinu. \u00datsetningar t\u00f3nverka teljast \u00feannig a\u00f0l\u00f6gun \u00e1 upprunalegu verki, sem og \u00fatf\u00e6rslur fyrir a\u00f0ra mi\u00f0la, t.d. ef kvikmynd er bygg\u00f0 \u00e1 b\u00f3kmenntaverki. S\u00e9 upprunalegt verk hins vegar eing\u00f6ngu nota\u00f0 sem fyrirmynd e\u00f0a innbl\u00e1stur a\u00f0 n\u00fdju verki og efnist\u00f6kin eru \u00feannig a\u00f0 \u00far ver\u00f0ur n\u00fdtt og sj\u00e1lfst\u00e6tt verk, \u00f6\u00f0last hi\u00f0 n\u00fdja verk sj\u00e1lfst\u00e6\u00f0an h\u00f6fundar\u00e9tt sem er \u00f3h\u00e1\u00f0ur h\u00f6fundar\u00e9tti hins upprunalega verks.<\/p>\n<h4><span style=\"color: #000080;\">Hagsmunag\u00e6sla Fj\u00f6l\u00eds fyrir \u00edslenska og erlenda r\u00e9tthafa<\/span><\/h4>\n<p>Fj\u00f6l\u00eds annast hagsmunag\u00e6slu fyrir meirihluta \u00edslenskra h\u00f6funda og \u00fatgefenda skv. 26. gr. h\u00f6fundalaga. \u00cd \u00fev\u00ed felst a\u00f0 Fj\u00f6l\u00eds getur veitt leyfi, gegn sanngj\u00f6rnu endurgjaldi, til afritunar og dreifingar h\u00f6fundar\u00e9ttarvarins efnis \u00ed starfsemi leyfishafa. Gegnum \u00fe\u00e1ttt\u00f6ku \u00ed IFRRO (International Federation of Reproductions Rights Organizations) hefur Fj\u00f6l\u00eds einnig gert samninga vi\u00f0 30 samb\u00e6rileg systursamt\u00f6k \u00ed 28 r\u00edkjum vegna hagsmunag\u00e6slu fyrir erlenda r\u00e9tthafa. Fj\u00f6l\u00eds hefur \u00fev\u00ed b\u00fdsna v\u00ed\u00f0t\u00e6kt umbo\u00f0, til samningsger\u00f0ar um afritun og dreifingu h\u00f6fundar\u00e9ttarvarins efnis, f. h. h\u00f6funda og annarra r\u00e9tthafa b\u00e6\u00f0i innlenda og erlenda.<\/p>\n<h4><span style=\"color: #000080;\">R\u00e9tthafar utan a\u00f0ildarf\u00e9laga<\/span><\/h4>\n<p>R\u00e9tthafar utan a\u00f0ildarf\u00e9laga Fj\u00f6l\u00edss geta noti\u00f0 r\u00e9ttar til endurgjalds fyrir afnot verka sinna eins og f\u00e9lagsmenn, eigi \u00feeir r\u00e9ttm\u00e6tt tilkall til grei\u00f0slu fyrir fj\u00f6lf\u00f6ldun vernda\u00f0ra rita. R\u00e9tthafar sem standa utan h\u00f6fundar\u00e9ttarsamtaka og telja sig eiga sl\u00edkt tilkall geta \u00fev\u00ed sn\u00fai\u00f0 s\u00e9r til Fj\u00f6l\u00edss me\u00f0 sl\u00edka kr\u00f6fu. Skilyr\u00f0i er a\u00f0 s\u00fdnt s\u00e9r fram \u00e1 raunverulega notkun og umfang. \u00de\u00e1 geta utanf\u00e9lagsmenn \u00ed m\u00f6rgum tilvikum s\u00f3tt um styrki til a\u00f0ildarf\u00e9laga Fj\u00f6l\u00edss vegna vinnslu verkefna sem falla a\u00f0 \u00feeim skilyr\u00f0um sem sett eru um styrkveitingar. R\u00e9tth\u00f6fum hagn\u00fdttra verka, sem ekki eiga a\u00f0ild a\u00f0 a\u00f0ildarsamt\u00f6kum Fj\u00f6l\u00eds, er bent \u00e1 a\u00f0 beina kr\u00f6fum s\u00ednum til f\u00e9lagsins \u00e1 netfangi\u00f0 fjolis@fjolis.is me\u00f0 uppl\u00fdsingum um verkin og r\u00e9tthafa \u00feeirra auk uppl\u00fdsinga um notkun og umfang \u00feeirra, \u00fe.m.t. hver notandi \u00feeirra er, hvar verki\u00f0 var nota\u00f0, \u00ed hva\u00f0a umfangi o.s.frv.<\/p>\n<h4><span style=\"color: #000080;\">Erlendir r\u00e9tthafar<\/span><\/h4>\n<p>Heimild Fj\u00f6l\u00edss til samningsger\u00f0ar f.h. r\u00e9tthafa er bundin \u00ed l\u00f6g, sbr. 26. gr. \u00a0h\u00f6fundalaga. Til a\u00f0 fylgja henni eftir hefur Fj\u00f6l\u00eds gert gagnkv\u00e6mnisamninga vi\u00f0 30 samt\u00f6k \u00ed 28 \u00fej\u00f3\u00f0r\u00edkjum um me\u00f0fer\u00f0 \u00feeirra tekna sem innheimtar eru \u00e1 grundvelli heildarleyfissamninga. Samt\u00f6k erlendra r\u00e9tthafa f\u00e1 \u00fev\u00ed sendar \u00e1rlega grei\u00f0slur fr\u00e1 Fj\u00f6l\u00eds \u00ed samr\u00e6mi vi\u00f0 samninga \u00fear a\u00f0 l\u00fatandi.<\/p>\n<p>Fj\u00f6l\u00eds hefur gert gagnkv\u00e6mnisamninga vi\u00f0 systursamt\u00f6k \u00ed \u00feessum\u00a0r\u00edkjum: <a href=\"http:\/\/www.cadra.org.ar\/\" target=\"_blank\" rel=\"noopener noreferrer\">Argent\u00edna<\/a>, <a href=\"http:\/\/copyright.com.au\/\" target=\"_blank\" rel=\"noopener noreferrer\">\u00c1stral\u00eda,<\/a> <a href=\"http:\/\/www.copyright.com\/\" target=\"_blank\" rel=\"noopener noreferrer\">Bandar\u00edkin,<\/a> <a href=\"http:\/\/www.reprobel.be\/\" target=\"_blank\" rel=\"noopener noreferrer\">Belg\u00eda,<\/a> <a href=\"http:\/\/www.abdr.org.br\/site\/\" target=\"_blank\" rel=\"noopener noreferrer\">Brasil\u00eda,<\/a> <a href=\"http:\/\/www.copydan.dk\/\" target=\"_blank\" rel=\"noopener noreferrer\">Danm\u00f6rk,<\/a> <a href=\"http:\/\/www.kopiosto.fi\/fi_FI\/\" target=\"_blank\" rel=\"noopener noreferrer\">Finnland,<\/a><a href=\"http:\/\/www.cfcopies.com\/\" target=\"_blank\" rel=\"noopener noreferrer\">Frakkland,<\/a> F\u00e6reyjar, <a href=\"http:\/\/gca.ge\/\" target=\"_blank\" rel=\"noopener noreferrer\">Georg\u00eda,<\/a> <a href=\"http:\/\/osdel.gr\/\" target=\"_blank\" rel=\"noopener noreferrer\">Grikkland,<\/a> <a href=\"http:\/\/reprorecht.nl\/ondernemers\" target=\"_blank\" rel=\"noopener noreferrer\">Holland,<\/a> <a href=\"http:\/\/www.hkrrls.org\" target=\"_blank\" rel=\"noopener noreferrer\">Hong Kong,<\/a> <a href=\"http:\/\/www.icla.ie\" target=\"_blank\" rel=\"noopener noreferrer\">\u00cdrland,<\/a> <a href=\"http:\/\/www.accesscopyright.ca\" target=\"_blank\" rel=\"noopener noreferrer\">Kanada (enskum\u00e6landi)<\/a> <a href=\"http:\/\/www.copibec.qc.ca\" target=\"_blank\" rel=\"noopener noreferrer\">Kanada (fr\u00f6nskum\u00e6landi),<\/a> <a href=\"http:\/\/www.korra.kr\" target=\"_blank\" rel=\"noopener noreferrer\">Su\u00f0ur-\u00a0K\u00f3rea,<\/a> <a href=\"http:\/\/www.kopinor.no\/\" target=\"_blank\" rel=\"noopener noreferrer\">Noregur,<\/a><a href=\"http:\/\/www.copyright.co.nz\" target=\"_blank\" rel=\"noopener noreferrer\">N\u00fdja Sj\u00e1land,<\/a> <a href=\"http:\/\/copyrus.org\" target=\"_blank\" rel=\"noopener noreferrer\">R\u00fassland,<\/a> <a href=\"http:\/\/www.lita.sk\" target=\"_blank\" rel=\"noopener noreferrer\">Sl\u00f3vak\u00eda,<\/a> <a href=\"http:\/\/www.cedro.org\" target=\"_blank\" rel=\"noopener noreferrer\">Sp\u00e1nn,<\/a> <a href=\"http:\/\/www.cla.co.uk\" target=\"_blank\" rel=\"noopener noreferrer\">St\u00f3ra-Bretland,<\/a> <a href=\"http:\/\/www.prolitteris.ch\" target=\"_blank\" rel=\"noopener noreferrer\">Sviss,<\/a> <a href=\"http:\/\/www.bonuscopyright.se\" target=\"_blank\" rel=\"noopener noreferrer\">Sv\u00ed\u00fej\u00f3\u00f0,<\/a> <a href=\"http:\/\/www.dilia.cz\/\" target=\"_blank\" rel=\"noopener noreferrer\">T\u00e9kkland,<\/a> <a href=\"http:\/\/vietrro.org.vn\" target=\"_blank\" rel=\"noopener noreferrer\">V\u00edetnam,<\/a> Zimbabwe, <a href=\"http:\/\/www.vg-musikedition.de\" target=\"_blank\" rel=\"noopener noreferrer\">\u00de\u00fdskaland (n\u00f3tur)<\/a> <a href=\"http:\/\/www.vgwort.de\/\" target=\"_blank\" rel=\"noopener noreferrer\">\u00de\u00fdskaland (anna\u00f0 \u00fatgefi\u00f0 efni en n\u00f3tur)<\/a> \u00d6ll \u00feessi systursamt\u00f6k\u00a0Fj\u00f6l\u00edss eru a\u00f0ilar a\u00f0 al\u00fej\u00f3\u00f0asamt\u00f6kum h\u00f6fundar\u00e9ttarsamtaka, <a href=\"http:\/\/www.ifrro.org\/\" target=\"_blank\" rel=\"noopener noreferrer\">Ifrro<\/a> (International Federation of Reproduction Rights Organisations)[\/vc_column_text][\/vc_column][vc_column width=&#8221;1\/5&#8243;][vc_column_text]<\/p>\n<h4 style=\"text-align: center;\"><span style=\"color: #000080;\">A\u00f0ild a\u00f0 f\u00e9laginu eiga:<\/span><\/h4>\n<p>&nbsp;<\/p>\n<p>&nbsp;<\/p>\n<h4 style=\"text-align: center;\"><a href=\"https:\/\/www.press.is\" target=\"_blank\" rel=\"noopener noreferrer\"><img loading=\"lazy\" decoding=\"async\" class=\"alignnone wp-image-2184 size-medium\" src=\"http:\/\/fjolis.is\/b\/wp-content\/uploads\/2019\/09\/bladamannaf-300x74.png\" alt=\"\" width=\"300\" height=\"74\" srcset=\"https:\/\/fjolis.is\/b\/wp-content\/uploads\/2019\/09\/bladamannaf-300x74.png 300w, https:\/\/fjolis.is\/b\/wp-content\/uploads\/2019\/09\/bladamannaf.png 551w\" sizes=\"auto, (max-width: 300px) 100vw, 300px\" \/><\/a><\/h4>\n<p>&nbsp;<\/p>\n<p>&nbsp;<\/p>\n<h4 style=\"text-align: center;\"><a href=\"http:\/\/www.fibut.is\" target=\"_blank\" rel=\"noopener noreferrer\"><img loading=\"lazy\" decoding=\"async\" class=\"alignnone wp-image-2186\" src=\"http:\/\/fjolis.is\/b\/wp-content\/uploads\/2019\/09\/felagislenskrabokautgefenda-300x254.png\" alt=\"\" width=\"241\" height=\"218\" \/><\/a><\/h4>\n<h4><\/h4>\n<p>&nbsp;<\/p>\n<p>&nbsp;<\/p>\n<p><a href=\"https:\/\/hagthenkir.is\" target=\"_blank\" rel=\"noopener noreferrer\"><img loading=\"lazy\" decoding=\"async\" class=\"aligncenter wp-image-2185 size-medium\" src=\"http:\/\/fjolis.is\/b\/wp-content\/uploads\/2019\/09\/hagthenkir-300x94.png\" alt=\"\" width=\"300\" height=\"94\" srcset=\"https:\/\/fjolis.is\/b\/wp-content\/uploads\/2019\/09\/hagthenkir-300x94.png 300w, https:\/\/fjolis.is\/b\/wp-content\/uploads\/2019\/09\/hagthenkir.png 550w\" sizes=\"auto, (max-width: 300px) 100vw, 300px\" \/><\/a><\/p>\n<p>&nbsp;<\/p>\n<p>&nbsp;<\/p>\n<p>&nbsp;<\/p>\n<p style=\"text-align: center;\"><a href=\"https:\/\/myndstef.is\" target=\"_blank\" rel=\"noopener noreferrer\"><img loading=\"lazy\" decoding=\"async\" class=\"aligncenter wp-image-2187\" src=\"http:\/\/fjolis.is\/b\/wp-content\/uploads\/2019\/09\/myndstef-300x300.png\" alt=\"\" width=\"212\" height=\"212\" srcset=\"https:\/\/fjolis.is\/b\/wp-content\/uploads\/2019\/09\/myndstef-300x300.png 300w, https:\/\/fjolis.is\/b\/wp-content\/uploads\/2019\/09\/myndstef-150x150.png 150w, https:\/\/fjolis.is\/b\/wp-content\/uploads\/2019\/09\/myndstef-60x60.png 60w, https:\/\/fjolis.is\/b\/wp-content\/uploads\/2019\/09\/myndstef.png 550w\" sizes=\"auto, (max-width: 212px) 100vw, 212px\" \/><\/a><\/p>\n<p>&nbsp;<\/p>\n<p>&nbsp;<\/p>\n<p>&nbsp;<\/p>\n<p style=\"text-align: center;\"><a href=\"https:\/\/rsi.is\" target=\"_blank\" rel=\"noopener noreferrer\"><img loading=\"lazy\" decoding=\"async\" class=\"aligncenter wp-image-2183 size-medium\" src=\"http:\/\/fjolis.is\/b\/wp-content\/uploads\/2019\/09\/rithofundasamband-300x95.png\" alt=\"\" width=\"300\" height=\"95\" srcset=\"https:\/\/fjolis.is\/b\/wp-content\/uploads\/2019\/09\/rithofundasamband-300x95.png 300w, https:\/\/fjolis.is\/b\/wp-content\/uploads\/2019\/09\/rithofundasamband.png 550w\" sizes=\"auto, (max-width: 300px) 100vw, 300px\" \/><\/a><\/p>\n<p>&nbsp;<\/p>\n<p>&nbsp;<\/p>\n<p>&nbsp;<\/p>\n<p style=\"text-align: center;\"><a href=\"https:\/\/siton.is\" target=\"_blank\" rel=\"noopener noreferrer\"><img loading=\"lazy\" decoding=\"async\" class=\"aligncenter wp-image-2182\" src=\"http:\/\/fjolis.is\/b\/wp-content\/uploads\/2019\/09\/siton-300x106.png\" alt=\"\" width=\"248\" height=\"69\" \/><\/a><\/p>\n<p>&nbsp;<\/p>\n<p>&nbsp;<\/p>\n<p>&nbsp;<\/p>\n<p><a href=\"http:\/\/stef.is\" target=\"_blank\" rel=\"noopener noreferrer\"><img loading=\"lazy\" decoding=\"async\" class=\"aligncenter wp-image-2181\" src=\"http:\/\/fjolis.is\/b\/wp-content\/uploads\/2019\/09\/stef-300x171.png\" alt=\"\" width=\"265\" height=\"140\" \/><\/a>[\/vc_column_text][\/vc_column][\/vc_row]<\/p>\n<\/div>","protected":false},"excerpt":{"rendered":"<p>[vc_row css=&#8221;.vc_custom_1567514527435{background-color: rgba(0,0,0,0.01) !important;*background-color: rgb(0,0,0) !important;}&#8221;][vc_column width=&#8221;4\/5&#8243; css=&#8221;.vc_custom_1567514247554{background-color: rgba(255,255,255,0.54) !important;*background-color: rgb(255,255,255) !important;}&#8221;][vc_column_text] Eignar\u00e9ttur h\u00f6fundar Samkv\u00e6mt 1. mgr. 1. gr. h\u00f6fundalaga nr. 73\/1972 \u00e1 h\u00f6fundur a\u00f0 b\u00f3kmenntaverki e\u00f0a listaverki eignarr\u00e9tt a\u00f0 \u00fev\u00ed. Eignar\u00e9tturinn er \u00fe\u00f3 takmarka\u00f0ur \u00fear sem hann helst \u00ed 70 \u00e1r eftir andl\u00e1t h\u00f6fundar. Eftir \u00fea\u00f0 fer hann \u00ed nokkurs konar almannaeigu (e. public&#8230;<\/p>\n","protected":false},"author":1,"featured_media":0,"parent":0,"menu_order":0,"comment_status":"closed","ping_status":"closed","template":"","meta":{"ghostkit_customizer_options":"","ghostkit_custom_css":"","ghostkit_custom_js_head":"","ghostkit_custom_js_foot":"","ghostkit_typography":"","_vp_format_video_url":"","_vp_image_focal_point":[],"footnotes":""},"class_list":["post-2090","page","type-page","status-publish","hentry"],"yoast_head":"<!-- This site is optimized with the Yoast SEO plugin v25.3.1 - https:\/\/yoast.com\/wordpress\/plugins\/seo\/ -->\n<title>H\u00f6fundar\u00e9ttur - Fj\u00f6l\u00eds<\/title>\n<meta name=\"robots\" content=\"index, follow, max-snippet:-1, max-image-preview:large, max-video-preview:-1\" \/>\n<link rel=\"canonical\" href=\"http:\/\/fjolis.is\/b\/hofundarettur\/\" \/>\n<meta property=\"og:locale\" content=\"en_US\" \/>\n<meta property=\"og:type\" content=\"article\" \/>\n<meta property=\"og:title\" content=\"H\u00f6fundar\u00e9ttur - Fj\u00f6l\u00eds\" \/>\n<meta property=\"og:description\" content=\"[vc_row css=&#8221;.vc_custom_1567514527435{background-color: rgba(0,0,0,0.01) !important;*background-color: rgb(0,0,0) !important;}&#8221;][vc_column width=&#8221;4\/5&#8243; css=&#8221;.vc_custom_1567514247554{background-color: rgba(255,255,255,0.54) !important;*background-color: rgb(255,255,255) !important;}&#8221;][vc_column_text] Eignar\u00e9ttur h\u00f6fundar Samkv\u00e6mt 1. mgr. 1. gr. h\u00f6fundalaga nr. 73\/1972 \u00e1 h\u00f6fundur a\u00f0 b\u00f3kmenntaverki e\u00f0a listaverki eignarr\u00e9tt a\u00f0 \u00fev\u00ed. Eignar\u00e9tturinn er \u00fe\u00f3 takmarka\u00f0ur \u00fear sem hann helst \u00ed 70 \u00e1r eftir andl\u00e1t h\u00f6fundar. Eftir \u00fea\u00f0 fer hann \u00ed nokkurs konar almannaeigu (e. public...\" \/>\n<meta property=\"og:url\" content=\"http:\/\/fjolis.is\/b\/hofundarettur\/\" \/>\n<meta property=\"og:site_name\" content=\"Fj\u00f6l\u00eds\" \/>\n<meta property=\"article:modified_time\" content=\"2022-05-07T14:26:53+00:00\" \/>\n<meta property=\"og:image\" content=\"http:\/\/fjolis.is\/b\/wp-content\/uploads\/2019\/09\/bladamannaf-300x74.png\" \/>\n<meta name=\"twitter:card\" content=\"summary_large_image\" \/>\n<meta name=\"twitter:label1\" content=\"Est. reading time\" \/>\n\t<meta name=\"twitter:data1\" content=\"6 minutes\" \/>\n<script type=\"application\/ld+json\" class=\"yoast-schema-graph\">{\"@context\":\"https:\/\/schema.org\",\"@graph\":[{\"@type\":\"WebPage\",\"@id\":\"http:\/\/fjolis.is\/b\/hofundarettur\/\",\"url\":\"http:\/\/fjolis.is\/b\/hofundarettur\/\",\"name\":\"H\u00f6fundar\u00e9ttur - Fj\u00f6l\u00eds\",\"isPartOf\":{\"@id\":\"https:\/\/fjolis.is\/b\/#website\"},\"primaryImageOfPage\":{\"@id\":\"http:\/\/fjolis.is\/b\/hofundarettur\/#primaryimage\"},\"image\":{\"@id\":\"http:\/\/fjolis.is\/b\/hofundarettur\/#primaryimage\"},\"thumbnailUrl\":\"http:\/\/fjolis.is\/b\/wp-content\/uploads\/2019\/09\/bladamannaf-300x74.png\",\"datePublished\":\"2019-09-02T18:55:55+00:00\",\"dateModified\":\"2022-05-07T14:26:53+00:00\",\"breadcrumb\":{\"@id\":\"http:\/\/fjolis.is\/b\/hofundarettur\/#breadcrumb\"},\"inLanguage\":\"en-US\",\"potentialAction\":[{\"@type\":\"ReadAction\",\"target\":[\"http:\/\/fjolis.is\/b\/hofundarettur\/\"]}]},{\"@type\":\"ImageObject\",\"inLanguage\":\"en-US\",\"@id\":\"http:\/\/fjolis.is\/b\/hofundarettur\/#primaryimage\",\"url\":\"https:\/\/fjolis.is\/b\/wp-content\/uploads\/2019\/09\/bladamannaf.png\",\"contentUrl\":\"https:\/\/fjolis.is\/b\/wp-content\/uploads\/2019\/09\/bladamannaf.png\",\"width\":551,\"height\":135},{\"@type\":\"BreadcrumbList\",\"@id\":\"http:\/\/fjolis.is\/b\/hofundarettur\/#breadcrumb\",\"itemListElement\":[{\"@type\":\"ListItem\",\"position\":1,\"name\":\"Home\",\"item\":\"https:\/\/fjolis.is\/b\/\"},{\"@type\":\"ListItem\",\"position\":2,\"name\":\"H\u00f6fundar\u00e9ttur\"}]},{\"@type\":\"WebSite\",\"@id\":\"https:\/\/fjolis.is\/b\/#website\",\"url\":\"https:\/\/fjolis.is\/b\/\",\"name\":\"Fj\u00f6l\u00eds\",\"description\":\"hagsmunasamt\u00f6k\",\"potentialAction\":[{\"@type\":\"SearchAction\",\"target\":{\"@type\":\"EntryPoint\",\"urlTemplate\":\"https:\/\/fjolis.is\/b\/?s={search_term_string}\"},\"query-input\":{\"@type\":\"PropertyValueSpecification\",\"valueRequired\":true,\"valueName\":\"search_term_string\"}}],\"inLanguage\":\"en-US\"}]}<\/script>\n<!-- \/ Yoast SEO plugin. -->","yoast_head_json":{"title":"H\u00f6fundar\u00e9ttur - Fj\u00f6l\u00eds","robots":{"index":"index","follow":"follow","max-snippet":"max-snippet:-1","max-image-preview":"max-image-preview:large","max-video-preview":"max-video-preview:-1"},"canonical":"http:\/\/fjolis.is\/b\/hofundarettur\/","og_locale":"en_US","og_type":"article","og_title":"H\u00f6fundar\u00e9ttur - Fj\u00f6l\u00eds","og_description":"[vc_row css=&#8221;.vc_custom_1567514527435{background-color: rgba(0,0,0,0.01) !important;*background-color: rgb(0,0,0) !important;}&#8221;][vc_column width=&#8221;4\/5&#8243; css=&#8221;.vc_custom_1567514247554{background-color: rgba(255,255,255,0.54) !important;*background-color: rgb(255,255,255) !important;}&#8221;][vc_column_text] Eignar\u00e9ttur h\u00f6fundar Samkv\u00e6mt 1. mgr. 1. gr. h\u00f6fundalaga nr. 73\/1972 \u00e1 h\u00f6fundur a\u00f0 b\u00f3kmenntaverki e\u00f0a listaverki eignarr\u00e9tt a\u00f0 \u00fev\u00ed. Eignar\u00e9tturinn er \u00fe\u00f3 takmarka\u00f0ur \u00fear sem hann helst \u00ed 70 \u00e1r eftir andl\u00e1t h\u00f6fundar. Eftir \u00fea\u00f0 fer hann \u00ed nokkurs konar almannaeigu (e. public...","og_url":"http:\/\/fjolis.is\/b\/hofundarettur\/","og_site_name":"Fj\u00f6l\u00eds","article_modified_time":"2022-05-07T14:26:53+00:00","og_image":[{"url":"http:\/\/fjolis.is\/b\/wp-content\/uploads\/2019\/09\/bladamannaf-300x74.png","type":"","width":"","height":""}],"twitter_card":"summary_large_image","twitter_misc":{"Est. reading time":"6 minutes"},"schema":{"@context":"https:\/\/schema.org","@graph":[{"@type":"WebPage","@id":"http:\/\/fjolis.is\/b\/hofundarettur\/","url":"http:\/\/fjolis.is\/b\/hofundarettur\/","name":"H\u00f6fundar\u00e9ttur - Fj\u00f6l\u00eds","isPartOf":{"@id":"https:\/\/fjolis.is\/b\/#website"},"primaryImageOfPage":{"@id":"http:\/\/fjolis.is\/b\/hofundarettur\/#primaryimage"},"image":{"@id":"http:\/\/fjolis.is\/b\/hofundarettur\/#primaryimage"},"thumbnailUrl":"http:\/\/fjolis.is\/b\/wp-content\/uploads\/2019\/09\/bladamannaf-300x74.png","datePublished":"2019-09-02T18:55:55+00:00","dateModified":"2022-05-07T14:26:53+00:00","breadcrumb":{"@id":"http:\/\/fjolis.is\/b\/hofundarettur\/#breadcrumb"},"inLanguage":"en-US","potentialAction":[{"@type":"ReadAction","target":["http:\/\/fjolis.is\/b\/hofundarettur\/"]}]},{"@type":"ImageObject","inLanguage":"en-US","@id":"http:\/\/fjolis.is\/b\/hofundarettur\/#primaryimage","url":"https:\/\/fjolis.is\/b\/wp-content\/uploads\/2019\/09\/bladamannaf.png","contentUrl":"https:\/\/fjolis.is\/b\/wp-content\/uploads\/2019\/09\/bladamannaf.png","width":551,"height":135},{"@type":"BreadcrumbList","@id":"http:\/\/fjolis.is\/b\/hofundarettur\/#breadcrumb","itemListElement":[{"@type":"ListItem","position":1,"name":"Home","item":"https:\/\/fjolis.is\/b\/"},{"@type":"ListItem","position":2,"name":"H\u00f6fundar\u00e9ttur"}]},{"@type":"WebSite","@id":"https:\/\/fjolis.is\/b\/#website","url":"https:\/\/fjolis.is\/b\/","name":"Fj\u00f6l\u00eds","description":"hagsmunasamt\u00f6k","potentialAction":[{"@type":"SearchAction","target":{"@type":"EntryPoint","urlTemplate":"https:\/\/fjolis.is\/b\/?s={search_term_string}"},"query-input":{"@type":"PropertyValueSpecification","valueRequired":true,"valueName":"search_term_string"}}],"inLanguage":"en-US"}]}},"_links":{"self":[{"href":"https:\/\/fjolis.is\/b\/wp-json\/wp\/v2\/pages\/2090","targetHints":{"allow":["GET"]}}],"collection":[{"href":"https:\/\/fjolis.is\/b\/wp-json\/wp\/v2\/pages"}],"about":[{"href":"https:\/\/fjolis.is\/b\/wp-json\/wp\/v2\/types\/page"}],"author":[{"embeddable":true,"href":"https:\/\/fjolis.is\/b\/wp-json\/wp\/v2\/users\/1"}],"replies":[{"embeddable":true,"href":"https:\/\/fjolis.is\/b\/wp-json\/wp\/v2\/comments?post=2090"}],"version-history":[{"count":40,"href":"https:\/\/fjolis.is\/b\/wp-json\/wp\/v2\/pages\/2090\/revisions"}],"predecessor-version":[{"id":2465,"href":"https:\/\/fjolis.is\/b\/wp-json\/wp\/v2\/pages\/2090\/revisions\/2465"}],"wp:attachment":[{"href":"https:\/\/fjolis.is\/b\/wp-json\/wp\/v2\/media?parent=2090"}],"curies":[{"name":"wp","href":"https:\/\/api.w.org\/{rel}","templated":true}]}}