{"id":2252,"date":"2019-11-18T09:17:17","date_gmt":"2019-11-18T09:17:17","guid":{"rendered":"http:\/\/fjolis.is\/b\/?page_id=2252"},"modified":"2019-11-18T09:46:38","modified_gmt":"2019-11-18T09:46:38","slug":"thjodkirkjan","status":"publish","type":"page","link":"http:\/\/fjolis.is\/b\/thjodkirkjan\/","title":{"rendered":"\u00dej\u00f3\u00f0kirkjan"},"content":{"rendered":"<div class=\"wpb-content-wrapper\"><p>[vc_row css=&#8221;.vc_custom_1567518754366{background-color: rgba(255,255,255,0.6) !important;*background-color: rgb(255,255,255) !important;}&#8221;][vc_column][vc_column_text]<\/p>\n<h4><span style=\"color: #000080;\">\u00dej\u00f3\u00f0kirkjan<\/span><\/h4>\n<p>\u00dej\u00f3\u00f0kirkjan: Samningur um lj\u00f3sritun \u00e1 h\u00f6fundar\u00e9ttarv\u00f6r\u00f0u efni \u00ed starfi \u00fej\u00f3\u00f0kirkjunnar n\u00e6r yfir \u00f6ll verk, \u00edslensk og erlend sem undirorpin eru h\u00f6fundar\u00e9tti me\u00f0 \u00feeim undantekningum ef h\u00f6fundur hefur s\u00e9rstaklega undanskili\u00f0 verk s\u00edn.<\/p>\n<p>Samningurinn heimilar lj\u00f3sritun, sk\u00f6nnun og hli\u00f0st\u00e6\u00f0a eftirger\u00f0. Hann\u00a0tekur ekki til efnis sem afla\u00f0 er me\u00f0 l\u00f6gm\u00e6tum samningum vi\u00f0 efnisveitur og\/e\u00f0a h\u00f6funda sj\u00e1lfa.<\/p>\n<p>Lj\u00f3srita m\u00e1 stutta \u00fe\u00e6tti \u00far hverju riti, 20% hi\u00f0 mesta og a\u00f0 h\u00e1marki 30 bls.<br \/>\nSamningurinn n\u00e6r til alls starfs sem unni\u00f0 er innan \u00fej\u00f3\u00f0kirkjunnar.[\/vc_column_text][\/vc_column][\/vc_row][vc_row][vc_column][\/vc_column][\/vc_row]<\/p>\n<\/div>","protected":false},"excerpt":{"rendered":"<p>[vc_row css=&#8221;.vc_custom_1567518754366{background-color: rgba(255,255,255,0.6) !important;*background-color: rgb(255,255,255) !important;}&#8221;][vc_column][vc_column_text] \u00dej\u00f3\u00f0kirkjan \u00dej\u00f3\u00f0kirkjan: Samningur um lj\u00f3sritun \u00e1 h\u00f6fundar\u00e9ttarv\u00f6r\u00f0u efni \u00ed starfi \u00fej\u00f3\u00f0kirkjunnar n\u00e6r yfir \u00f6ll verk, \u00edslensk og erlend sem undirorpin eru h\u00f6fundar\u00e9tti me\u00f0 \u00feeim undantekningum ef h\u00f6fundur hefur s\u00e9rstaklega undanskili\u00f0 verk s\u00edn. Samningurinn heimilar lj\u00f3sritun, sk\u00f6nnun og hli\u00f0st\u00e6\u00f0a eftirger\u00f0. Hann\u00a0tekur ekki til efnis sem afla\u00f0 er me\u00f0 l\u00f6gm\u00e6tum samningum&#8230;<\/p>\n","protected":false},"author":1,"featured_media":0,"parent":0,"menu_order":0,"comment_status":"closed","ping_status":"closed","template":"","meta":{"ghostkit_customizer_options":"","ghostkit_custom_css":"","ghostkit_custom_js_head":"","ghostkit_custom_js_foot":"","ghostkit_typography":"","_vp_format_video_url":"","_vp_image_focal_point":[],"footnotes":""},"class_list":["post-2252","page","type-page","status-publish","hentry"],"yoast_head":"<!-- This site is optimized with the Yoast SEO plugin v25.3.1 - https:\/\/yoast.com\/wordpress\/plugins\/seo\/ -->\n<title>\u00dej\u00f3\u00f0kirkjan - Fj\u00f6l\u00eds<\/title>\n<meta name=\"robots\" content=\"index, follow, max-snippet:-1, max-image-preview:large, max-video-preview:-1\" \/>\n<link rel=\"canonical\" href=\"https:\/\/fjolis.is\/b\/thjodkirkjan\/\" \/>\n<meta property=\"og:locale\" content=\"en_US\" \/>\n<meta property=\"og:type\" content=\"article\" \/>\n<meta property=\"og:title\" content=\"\u00dej\u00f3\u00f0kirkjan - Fj\u00f6l\u00eds\" \/>\n<meta property=\"og:description\" content=\"[vc_row css=&#8221;.vc_custom_1567518754366{background-color: rgba(255,255,255,0.6) !important;*background-color: rgb(255,255,255) !important;}&#8221;][vc_column][vc_column_text] \u00dej\u00f3\u00f0kirkjan \u00dej\u00f3\u00f0kirkjan: Samningur um lj\u00f3sritun \u00e1 h\u00f6fundar\u00e9ttarv\u00f6r\u00f0u efni \u00ed starfi \u00fej\u00f3\u00f0kirkjunnar n\u00e6r yfir \u00f6ll verk, \u00edslensk og erlend sem undirorpin eru h\u00f6fundar\u00e9tti me\u00f0 \u00feeim undantekningum ef h\u00f6fundur hefur s\u00e9rstaklega undanskili\u00f0 verk s\u00edn. Samningurinn heimilar lj\u00f3sritun, sk\u00f6nnun og hli\u00f0st\u00e6\u00f0a eftirger\u00f0. Hann\u00a0tekur ekki til efnis sem afla\u00f0 er me\u00f0 l\u00f6gm\u00e6tum samningum...\" \/>\n<meta property=\"og:url\" content=\"https:\/\/fjolis.is\/b\/thjodkirkjan\/\" \/>\n<meta property=\"og:site_name\" content=\"Fj\u00f6l\u00eds\" \/>\n<meta property=\"article:modified_time\" content=\"2019-11-18T09:46:38+00:00\" \/>\n<meta name=\"twitter:card\" content=\"summary_large_image\" \/>\n<meta name=\"twitter:label1\" content=\"Est. reading time\" \/>\n\t<meta name=\"twitter:data1\" content=\"1 minute\" \/>\n<script type=\"application\/ld+json\" class=\"yoast-schema-graph\">{\"@context\":\"https:\/\/schema.org\",\"@graph\":[{\"@type\":\"WebPage\",\"@id\":\"https:\/\/fjolis.is\/b\/thjodkirkjan\/\",\"url\":\"https:\/\/fjolis.is\/b\/thjodkirkjan\/\",\"name\":\"\u00dej\u00f3\u00f0kirkjan - Fj\u00f6l\u00eds\",\"isPartOf\":{\"@id\":\"https:\/\/fjolis.is\/b\/#website\"},\"datePublished\":\"2019-11-18T09:17:17+00:00\",\"dateModified\":\"2019-11-18T09:46:38+00:00\",\"breadcrumb\":{\"@id\":\"https:\/\/fjolis.is\/b\/thjodkirkjan\/#breadcrumb\"},\"inLanguage\":\"en-US\",\"potentialAction\":[{\"@type\":\"ReadAction\",\"target\":[\"https:\/\/fjolis.is\/b\/thjodkirkjan\/\"]}]},{\"@type\":\"BreadcrumbList\",\"@id\":\"https:\/\/fjolis.is\/b\/thjodkirkjan\/#breadcrumb\",\"itemListElement\":[{\"@type\":\"ListItem\",\"position\":1,\"name\":\"Home\",\"item\":\"https:\/\/fjolis.is\/b\/\"},{\"@type\":\"ListItem\",\"position\":2,\"name\":\"\u00dej\u00f3\u00f0kirkjan\"}]},{\"@type\":\"WebSite\",\"@id\":\"https:\/\/fjolis.is\/b\/#website\",\"url\":\"https:\/\/fjolis.is\/b\/\",\"name\":\"Fj\u00f6l\u00eds\",\"description\":\"hagsmunasamt\u00f6k\",\"potentialAction\":[{\"@type\":\"SearchAction\",\"target\":{\"@type\":\"EntryPoint\",\"urlTemplate\":\"https:\/\/fjolis.is\/b\/?s={search_term_string}\"},\"query-input\":{\"@type\":\"PropertyValueSpecification\",\"valueRequired\":true,\"valueName\":\"search_term_string\"}}],\"inLanguage\":\"en-US\"}]}<\/script>\n<!-- \/ Yoast SEO plugin. -->","yoast_head_json":{"title":"\u00dej\u00f3\u00f0kirkjan - Fj\u00f6l\u00eds","robots":{"index":"index","follow":"follow","max-snippet":"max-snippet:-1","max-image-preview":"max-image-preview:large","max-video-preview":"max-video-preview:-1"},"canonical":"https:\/\/fjolis.is\/b\/thjodkirkjan\/","og_locale":"en_US","og_type":"article","og_title":"\u00dej\u00f3\u00f0kirkjan - Fj\u00f6l\u00eds","og_description":"[vc_row css=&#8221;.vc_custom_1567518754366{background-color: rgba(255,255,255,0.6) !important;*background-color: rgb(255,255,255) !important;}&#8221;][vc_column][vc_column_text] \u00dej\u00f3\u00f0kirkjan \u00dej\u00f3\u00f0kirkjan: Samningur um lj\u00f3sritun \u00e1 h\u00f6fundar\u00e9ttarv\u00f6r\u00f0u efni \u00ed starfi \u00fej\u00f3\u00f0kirkjunnar n\u00e6r yfir \u00f6ll verk, \u00edslensk og erlend sem undirorpin eru h\u00f6fundar\u00e9tti me\u00f0 \u00feeim undantekningum ef h\u00f6fundur hefur s\u00e9rstaklega undanskili\u00f0 verk s\u00edn. Samningurinn heimilar lj\u00f3sritun, sk\u00f6nnun og hli\u00f0st\u00e6\u00f0a eftirger\u00f0. Hann\u00a0tekur ekki til efnis sem afla\u00f0 er me\u00f0 l\u00f6gm\u00e6tum samningum...","og_url":"https:\/\/fjolis.is\/b\/thjodkirkjan\/","og_site_name":"Fj\u00f6l\u00eds","article_modified_time":"2019-11-18T09:46:38+00:00","twitter_card":"summary_large_image","twitter_misc":{"Est. reading time":"1 minute"},"schema":{"@context":"https:\/\/schema.org","@graph":[{"@type":"WebPage","@id":"https:\/\/fjolis.is\/b\/thjodkirkjan\/","url":"https:\/\/fjolis.is\/b\/thjodkirkjan\/","name":"\u00dej\u00f3\u00f0kirkjan - Fj\u00f6l\u00eds","isPartOf":{"@id":"https:\/\/fjolis.is\/b\/#website"},"datePublished":"2019-11-18T09:17:17+00:00","dateModified":"2019-11-18T09:46:38+00:00","breadcrumb":{"@id":"https:\/\/fjolis.is\/b\/thjodkirkjan\/#breadcrumb"},"inLanguage":"en-US","potentialAction":[{"@type":"ReadAction","target":["https:\/\/fjolis.is\/b\/thjodkirkjan\/"]}]},{"@type":"BreadcrumbList","@id":"https:\/\/fjolis.is\/b\/thjodkirkjan\/#breadcrumb","itemListElement":[{"@type":"ListItem","position":1,"name":"Home","item":"https:\/\/fjolis.is\/b\/"},{"@type":"ListItem","position":2,"name":"\u00dej\u00f3\u00f0kirkjan"}]},{"@type":"WebSite","@id":"https:\/\/fjolis.is\/b\/#website","url":"https:\/\/fjolis.is\/b\/","name":"Fj\u00f6l\u00eds","description":"hagsmunasamt\u00f6k","potentialAction":[{"@type":"SearchAction","target":{"@type":"EntryPoint","urlTemplate":"https:\/\/fjolis.is\/b\/?s={search_term_string}"},"query-input":{"@type":"PropertyValueSpecification","valueRequired":true,"valueName":"search_term_string"}}],"inLanguage":"en-US"}]}},"_links":{"self":[{"href":"http:\/\/fjolis.is\/b\/wp-json\/wp\/v2\/pages\/2252","targetHints":{"allow":["GET"]}}],"collection":[{"href":"http:\/\/fjolis.is\/b\/wp-json\/wp\/v2\/pages"}],"about":[{"href":"http:\/\/fjolis.is\/b\/wp-json\/wp\/v2\/types\/page"}],"author":[{"embeddable":true,"href":"http:\/\/fjolis.is\/b\/wp-json\/wp\/v2\/users\/1"}],"replies":[{"embeddable":true,"href":"http:\/\/fjolis.is\/b\/wp-json\/wp\/v2\/comments?post=2252"}],"version-history":[{"count":1,"href":"http:\/\/fjolis.is\/b\/wp-json\/wp\/v2\/pages\/2252\/revisions"}],"predecessor-version":[{"id":2253,"href":"http:\/\/fjolis.is\/b\/wp-json\/wp\/v2\/pages\/2252\/revisions\/2253"}],"wp:attachment":[{"href":"http:\/\/fjolis.is\/b\/wp-json\/wp\/v2\/media?parent=2252"}],"curies":[{"name":"wp","href":"https:\/\/api.w.org\/{rel}","templated":true}]}}